{"id":14,"date":"2024-09-26T12:30:18","date_gmt":"2024-09-26T10:30:18","guid":{"rendered":"https:\/\/martabonanni.com\/es\/?page_id=14"},"modified":"2024-12-04T12:17:09","modified_gmt":"2024-12-04T11:17:09","slug":"marta-bonanni-design","status":"publish","type":"page","link":"https:\/\/martabonanni.com\/es\/","title":{"rendered":"Inicio"},"content":{"rendered":"","protected":false},"excerpt":{"rendered":"","protected":false},"author":2,"featured_media":71,"parent":0,"menu_order":0,"comment_status":"closed","ping_status":"closed","template":"","meta":{"footnotes":""},"class_list":["post-14","page","type-page","status-publish","has-post-thumbnail","hentry"],"yoast_head":"<!-- This site is optimized with the Yoast SEO plugin v24.0 - https:\/\/yoast.com\/wordpress\/plugins\/seo\/ -->\n<title>Marta Bonanni &#183; Int\u00e9rprete de conferencias y traductora IT-EN-ES<\/title>\n<meta name=\"description\" content=\"Int\u00e9rprete de conferencias y traductora: te ayudo a comunicarte sin barreras ling\u00fc\u00edsticas\" \/>\n<meta name=\"robots\" content=\"index, follow, max-snippet:-1, max-image-preview:large, max-video-preview:-1\" \/>\n<link rel=\"canonical\" href=\"https:\/\/martabonanni.com\/es\/\" \/>\n<meta property=\"og:locale\" content=\"es_ES\" \/>\n<meta property=\"og:type\" content=\"article\" \/>\n<meta property=\"og:title\" content=\"Marta Bonanni &#183; Int\u00e9rprete de conferencias y traductora IT-EN-ES\" \/>\n<meta property=\"og:description\" content=\"Int\u00e9rprete de conferencias y traductora: te ayudo a comunicarte sin barreras ling\u00fc\u00edsticas\" \/>\n<meta property=\"og:url\" content=\"https:\/\/martabonanni.com\/es\/\" \/>\n<meta property=\"og:site_name\" content=\"Marta Bonanni\" \/>\n<meta property=\"article:modified_time\" content=\"2024-12-04T11:17:09+00:00\" \/>\n<meta property=\"og:image\" content=\"https:\/\/martabonanni.com\/es\/wp-content\/uploads\/sites\/3\/2024\/09\/bonanni-marta-interprete.webp\" \/>\n\t<meta property=\"og:image:width\" content=\"1500\" \/>\n\t<meta property=\"og:image:height\" content=\"2250\" \/>\n\t<meta property=\"og:image:type\" content=\"image\/webp\" \/>\n<meta name=\"twitter:card\" content=\"summary_large_image\" \/>\n<meta name=\"twitter:label1\" content=\"Tiempo de lectura\" \/>\n\t<meta name=\"twitter:data1\" content=\"3 minutos\" \/>\n<script type=\"application\/ld+json\" class=\"yoast-schema-graph\">{\"@context\":\"https:\/\/schema.org\",\"@graph\":[{\"@type\":\"WebPage\",\"@id\":\"https:\/\/martabonanni.com\/es\/\",\"url\":\"https:\/\/martabonanni.com\/es\/\",\"name\":\"Marta Bonanni &#183; Int\u00e9rprete de conferencias y traductora IT-EN-ES\",\"isPartOf\":{\"@id\":\"https:\/\/martabonanni.com\/es\/#website\"},\"primaryImageOfPage\":{\"@id\":\"https:\/\/martabonanni.com\/es\/#primaryimage\"},\"image\":{\"@id\":\"https:\/\/martabonanni.com\/es\/#primaryimage\"},\"thumbnailUrl\":\"https:\/\/martabonanni.com\/es\/wp-content\/uploads\/sites\/3\/2024\/09\/bonanni-marta-interprete.webp\",\"datePublished\":\"2024-09-26T10:30:18+00:00\",\"dateModified\":\"2024-12-04T11:17:09+00:00\",\"description\":\"Int\u00e9rprete de conferencias y traductora: te ayudo a comunicarte sin barreras ling\u00fc\u00edsticas\",\"breadcrumb\":{\"@id\":\"https:\/\/martabonanni.com\/es\/#breadcrumb\"},\"inLanguage\":\"es\",\"potentialAction\":[{\"@type\":\"ReadAction\",\"target\":[\"https:\/\/martabonanni.com\/es\/\"]}]},{\"@type\":\"ImageObject\",\"inLanguage\":\"es\",\"@id\":\"https:\/\/martabonanni.com\/es\/#primaryimage\",\"url\":\"https:\/\/martabonanni.com\/es\/wp-content\/uploads\/sites\/3\/2024\/09\/bonanni-marta-interprete.webp\",\"contentUrl\":\"https:\/\/martabonanni.com\/es\/wp-content\/uploads\/sites\/3\/2024\/09\/bonanni-marta-interprete.webp\",\"width\":1500,\"height\":2250},{\"@type\":\"BreadcrumbList\",\"@id\":\"https:\/\/martabonanni.com\/es\/#breadcrumb\",\"itemListElement\":[{\"@type\":\"ListItem\",\"position\":1,\"name\":\"Home\",\"item\":\"https:\/\/martabonanni.com\/es\/\"},{\"@type\":\"ListItem\",\"position\":2,\"name\":\"Inicio\"}]},{\"@type\":\"WebSite\",\"@id\":\"https:\/\/martabonanni.com\/es\/#website\",\"url\":\"https:\/\/martabonanni.com\/es\/\",\"name\":\"Marta Bonanni\",\"description\":\"Int\u00e9rprete y traductora IT - EN - ES\",\"publisher\":{\"@id\":\"https:\/\/martabonanni.com\/es\/#organization\"},\"alternateName\":\"Marta Bonanni\",\"potentialAction\":[{\"@type\":\"SearchAction\",\"target\":{\"@type\":\"EntryPoint\",\"urlTemplate\":\"https:\/\/martabonanni.com\/es\/?s={search_term_string}\"},\"query-input\":{\"@type\":\"PropertyValueSpecification\",\"valueRequired\":true,\"valueName\":\"search_term_string\"}}],\"inLanguage\":\"es\"},{\"@type\":\"Organization\",\"@id\":\"https:\/\/martabonanni.com\/es\/#organization\",\"name\":\"Marta Bonanni\",\"alternateName\":\"Marta Bonanni\",\"url\":\"https:\/\/martabonanni.com\/es\/\",\"logo\":{\"@type\":\"ImageObject\",\"inLanguage\":\"es\",\"@id\":\"https:\/\/martabonanni.com\/es\/#\/schema\/logo\/image\/\",\"url\":\"https:\/\/martabonanni.com\/es\/wp-content\/uploads\/sites\/3\/2024\/10\/MB_Submark-Tradewinds.png\",\"contentUrl\":\"https:\/\/martabonanni.com\/es\/wp-content\/uploads\/sites\/3\/2024\/10\/MB_Submark-Tradewinds.png\",\"width\":3000,\"height\":3006,\"caption\":\"Marta Bonanni\"},\"image\":{\"@id\":\"https:\/\/martabonanni.com\/es\/#\/schema\/logo\/image\/\"},\"sameAs\":[\"https:\/\/www.instagram.com\/martabonanniinterprete\/\",\"https:\/\/www.linkedin.com\/in\/marta-bonanni-860442157\/\"]}]}<\/script>\n<!-- \/ Yoast SEO plugin. -->","yoast_head_json":{"title":"Marta Bonanni &#183; Int\u00e9rprete de conferencias y traductora IT-EN-ES","description":"Int\u00e9rprete de conferencias y traductora: te ayudo a comunicarte sin barreras ling\u00fc\u00edsticas","robots":{"index":"index","follow":"follow","max-snippet":"max-snippet:-1","max-image-preview":"max-image-preview:large","max-video-preview":"max-video-preview:-1"},"canonical":"https:\/\/martabonanni.com\/es\/","og_locale":"es_ES","og_type":"article","og_title":"Marta Bonanni &#183; Int\u00e9rprete de conferencias y traductora IT-EN-ES","og_description":"Int\u00e9rprete de conferencias y traductora: te ayudo a comunicarte sin barreras ling\u00fc\u00edsticas","og_url":"https:\/\/martabonanni.com\/es\/","og_site_name":"Marta Bonanni","article_modified_time":"2024-12-04T11:17:09+00:00","og_image":[{"width":1500,"height":2250,"url":"https:\/\/martabonanni.com\/es\/wp-content\/uploads\/sites\/3\/2024\/09\/bonanni-marta-interprete.webp","type":"image\/webp"}],"twitter_card":"summary_large_image","twitter_misc":{"Tiempo de lectura":"3 minutos"},"schema":{"@context":"https:\/\/schema.org","@graph":[{"@type":"WebPage","@id":"https:\/\/martabonanni.com\/es\/","url":"https:\/\/martabonanni.com\/es\/","name":"Marta Bonanni &#183; Int\u00e9rprete de conferencias y traductora IT-EN-ES","isPartOf":{"@id":"https:\/\/martabonanni.com\/es\/#website"},"primaryImageOfPage":{"@id":"https:\/\/martabonanni.com\/es\/#primaryimage"},"image":{"@id":"https:\/\/martabonanni.com\/es\/#primaryimage"},"thumbnailUrl":"https:\/\/martabonanni.com\/es\/wp-content\/uploads\/sites\/3\/2024\/09\/bonanni-marta-interprete.webp","datePublished":"2024-09-26T10:30:18+00:00","dateModified":"2024-12-04T11:17:09+00:00","description":"Int\u00e9rprete de conferencias y traductora: te ayudo a comunicarte sin barreras ling\u00fc\u00edsticas","breadcrumb":{"@id":"https:\/\/martabonanni.com\/es\/#breadcrumb"},"inLanguage":"es","potentialAction":[{"@type":"ReadAction","target":["https:\/\/martabonanni.com\/es\/"]}]},{"@type":"ImageObject","inLanguage":"es","@id":"https:\/\/martabonanni.com\/es\/#primaryimage","url":"https:\/\/martabonanni.com\/es\/wp-content\/uploads\/sites\/3\/2024\/09\/bonanni-marta-interprete.webp","contentUrl":"https:\/\/martabonanni.com\/es\/wp-content\/uploads\/sites\/3\/2024\/09\/bonanni-marta-interprete.webp","width":1500,"height":2250},{"@type":"BreadcrumbList","@id":"https:\/\/martabonanni.com\/es\/#breadcrumb","itemListElement":[{"@type":"ListItem","position":1,"name":"Home","item":"https:\/\/martabonanni.com\/es\/"},{"@type":"ListItem","position":2,"name":"Inicio"}]},{"@type":"WebSite","@id":"https:\/\/martabonanni.com\/es\/#website","url":"https:\/\/martabonanni.com\/es\/","name":"Marta Bonanni","description":"Int\u00e9rprete y traductora IT - EN - ES","publisher":{"@id":"https:\/\/martabonanni.com\/es\/#organization"},"alternateName":"Marta Bonanni","potentialAction":[{"@type":"SearchAction","target":{"@type":"EntryPoint","urlTemplate":"https:\/\/martabonanni.com\/es\/?s={search_term_string}"},"query-input":{"@type":"PropertyValueSpecification","valueRequired":true,"valueName":"search_term_string"}}],"inLanguage":"es"},{"@type":"Organization","@id":"https:\/\/martabonanni.com\/es\/#organization","name":"Marta Bonanni","alternateName":"Marta Bonanni","url":"https:\/\/martabonanni.com\/es\/","logo":{"@type":"ImageObject","inLanguage":"es","@id":"https:\/\/martabonanni.com\/es\/#\/schema\/logo\/image\/","url":"https:\/\/martabonanni.com\/es\/wp-content\/uploads\/sites\/3\/2024\/10\/MB_Submark-Tradewinds.png","contentUrl":"https:\/\/martabonanni.com\/es\/wp-content\/uploads\/sites\/3\/2024\/10\/MB_Submark-Tradewinds.png","width":3000,"height":3006,"caption":"Marta Bonanni"},"image":{"@id":"https:\/\/martabonanni.com\/es\/#\/schema\/logo\/image\/"},"sameAs":["https:\/\/www.instagram.com\/martabonanniinterprete\/","https:\/\/www.linkedin.com\/in\/marta-bonanni-860442157\/"]}]}},"_links":{"self":[{"href":"https:\/\/martabonanni.com\/es\/wp-json\/wp\/v2\/pages\/14","targetHints":{"allow":["GET"]}}],"collection":[{"href":"https:\/\/martabonanni.com\/es\/wp-json\/wp\/v2\/pages"}],"about":[{"href":"https:\/\/martabonanni.com\/es\/wp-json\/wp\/v2\/types\/page"}],"author":[{"embeddable":true,"href":"https:\/\/martabonanni.com\/es\/wp-json\/wp\/v2\/users\/2"}],"replies":[{"embeddable":true,"href":"https:\/\/martabonanni.com\/es\/wp-json\/wp\/v2\/comments?post=14"}],"version-history":[{"count":3,"href":"https:\/\/martabonanni.com\/es\/wp-json\/wp\/v2\/pages\/14\/revisions"}],"predecessor-version":[{"id":139,"href":"https:\/\/martabonanni.com\/es\/wp-json\/wp\/v2\/pages\/14\/revisions\/139"}],"wp:featuredmedia":[{"embeddable":true,"href":"https:\/\/martabonanni.com\/es\/wp-json\/wp\/v2\/media\/71"}],"wp:attachment":[{"href":"https:\/\/martabonanni.com\/es\/wp-json\/wp\/v2\/media?parent=14"}],"curies":[{"name":"wp","href":"https:\/\/api.w.org\/{rel}","templated":true}]}}