{"id":28,"date":"2024-09-26T12:32:31","date_gmt":"2024-09-26T10:32:31","guid":{"rendered":"https:\/\/martabonanni.com\/es\/?page_id=28"},"modified":"2024-12-04T13:59:06","modified_gmt":"2024-12-04T12:59:06","slug":"marketing-y-negocios","status":"publish","type":"page","link":"https:\/\/martabonanni.com\/es\/especializaciones\/marketing-y-negocios\/","title":{"rendered":"Marketing y Negocios"},"content":{"rendered":"","protected":false},"excerpt":{"rendered":"","protected":false},"author":2,"featured_media":98,"parent":24,"menu_order":0,"comment_status":"closed","ping_status":"closed","template":"","meta":{"footnotes":""},"class_list":["post-28","page","type-page","status-publish","has-post-thumbnail","hentry"],"yoast_head":"<!-- This site is optimized with the Yoast SEO plugin v24.0 - https:\/\/yoast.com\/wordpress\/plugins\/seo\/ -->\n<title>Interpretaci\u00f3n y traducci\u00f3n de Marketing y Negocios &#183; Marta Bonanni<\/title>\n<meta name=\"description\" content=\"Descubre mi especializaci\u00f3n en marketing y negocios y lo que puedo hacer con la interpretaci\u00f3n y la traducci\u00f3n en este sector\" \/>\n<meta name=\"robots\" content=\"index, follow, max-snippet:-1, max-image-preview:large, max-video-preview:-1\" \/>\n<link rel=\"canonical\" href=\"https:\/\/martabonanni.com\/es\/especializaciones\/marketing-y-negocios\/\" \/>\n<meta property=\"og:locale\" content=\"es_ES\" \/>\n<meta property=\"og:type\" content=\"article\" \/>\n<meta property=\"og:title\" content=\"Interpretaci\u00f3n y traducci\u00f3n de Marketing y Negocios &#183; Marta Bonanni\" \/>\n<meta property=\"og:description\" content=\"Descubre mi especializaci\u00f3n en marketing y negocios y lo que puedo hacer con la interpretaci\u00f3n y la traducci\u00f3n en este sector\" \/>\n<meta property=\"og:url\" content=\"https:\/\/martabonanni.com\/es\/especializaciones\/marketing-y-negocios\/\" \/>\n<meta property=\"og:site_name\" content=\"Marta Bonanni\" \/>\n<meta property=\"article:modified_time\" content=\"2024-12-04T12:59:06+00:00\" \/>\n<meta property=\"og:image\" content=\"https:\/\/martabonanni.com\/es\/wp-content\/uploads\/sites\/3\/2024\/10\/interpretariato-eventi-marketing-commerciale.webp\" \/>\n\t<meta property=\"og:image:width\" content=\"3000\" \/>\n\t<meta property=\"og:image:height\" content=\"4500\" \/>\n\t<meta property=\"og:image:type\" content=\"image\/webp\" \/>\n<meta name=\"twitter:card\" content=\"summary_large_image\" \/>\n<meta name=\"twitter:label1\" content=\"Tiempo de lectura\" \/>\n\t<meta name=\"twitter:data1\" content=\"2 minutos\" \/>\n<script type=\"application\/ld+json\" class=\"yoast-schema-graph\">{\"@context\":\"https:\/\/schema.org\",\"@graph\":[{\"@type\":\"WebPage\",\"@id\":\"https:\/\/martabonanni.com\/es\/especializaciones\/marketing-y-negocios\/\",\"url\":\"https:\/\/martabonanni.com\/es\/especializaciones\/marketing-y-negocios\/\",\"name\":\"Interpretaci\u00f3n y traducci\u00f3n de Marketing y Negocios &#183; Marta Bonanni\",\"isPartOf\":{\"@id\":\"https:\/\/martabonanni.com\/es\/#website\"},\"primaryImageOfPage\":{\"@id\":\"https:\/\/martabonanni.com\/es\/especializaciones\/marketing-y-negocios\/#primaryimage\"},\"image\":{\"@id\":\"https:\/\/martabonanni.com\/es\/especializaciones\/marketing-y-negocios\/#primaryimage\"},\"thumbnailUrl\":\"https:\/\/martabonanni.com\/es\/wp-content\/uploads\/sites\/3\/2024\/10\/interpretariato-eventi-marketing-commerciale.webp\",\"datePublished\":\"2024-09-26T10:32:31+00:00\",\"dateModified\":\"2024-12-04T12:59:06+00:00\",\"description\":\"Descubre mi especializaci\u00f3n en marketing y negocios y lo que puedo hacer con la interpretaci\u00f3n y la traducci\u00f3n en este sector\",\"breadcrumb\":{\"@id\":\"https:\/\/martabonanni.com\/es\/especializaciones\/marketing-y-negocios\/#breadcrumb\"},\"inLanguage\":\"es\",\"potentialAction\":[{\"@type\":\"ReadAction\",\"target\":[\"https:\/\/martabonanni.com\/es\/especializaciones\/marketing-y-negocios\/\"]}]},{\"@type\":\"ImageObject\",\"inLanguage\":\"es\",\"@id\":\"https:\/\/martabonanni.com\/es\/especializaciones\/marketing-y-negocios\/#primaryimage\",\"url\":\"https:\/\/martabonanni.com\/es\/wp-content\/uploads\/sites\/3\/2024\/10\/interpretariato-eventi-marketing-commerciale.webp\",\"contentUrl\":\"https:\/\/martabonanni.com\/es\/wp-content\/uploads\/sites\/3\/2024\/10\/interpretariato-eventi-marketing-commerciale.webp\",\"width\":3000,\"height\":4500},{\"@type\":\"BreadcrumbList\",\"@id\":\"https:\/\/martabonanni.com\/es\/especializaciones\/marketing-y-negocios\/#breadcrumb\",\"itemListElement\":[{\"@type\":\"ListItem\",\"position\":1,\"name\":\"Home\",\"item\":\"https:\/\/martabonanni.com\/es\/\"},{\"@type\":\"ListItem\",\"position\":2,\"name\":\"Especializaciones\",\"item\":\"https:\/\/martabonanni.com\/es\/especializaciones\/\"},{\"@type\":\"ListItem\",\"position\":3,\"name\":\"Marketing y Negocios\"}]},{\"@type\":\"WebSite\",\"@id\":\"https:\/\/martabonanni.com\/es\/#website\",\"url\":\"https:\/\/martabonanni.com\/es\/\",\"name\":\"Marta Bonanni\",\"description\":\"Int\u00e9rprete y traductora IT - EN - ES\",\"publisher\":{\"@id\":\"https:\/\/martabonanni.com\/es\/#organization\"},\"alternateName\":\"Marta Bonanni\",\"potentialAction\":[{\"@type\":\"SearchAction\",\"target\":{\"@type\":\"EntryPoint\",\"urlTemplate\":\"https:\/\/martabonanni.com\/es\/?s={search_term_string}\"},\"query-input\":{\"@type\":\"PropertyValueSpecification\",\"valueRequired\":true,\"valueName\":\"search_term_string\"}}],\"inLanguage\":\"es\"},{\"@type\":\"Organization\",\"@id\":\"https:\/\/martabonanni.com\/es\/#organization\",\"name\":\"Marta Bonanni\",\"alternateName\":\"Marta Bonanni\",\"url\":\"https:\/\/martabonanni.com\/es\/\",\"logo\":{\"@type\":\"ImageObject\",\"inLanguage\":\"es\",\"@id\":\"https:\/\/martabonanni.com\/es\/#\/schema\/logo\/image\/\",\"url\":\"https:\/\/martabonanni.com\/es\/wp-content\/uploads\/sites\/3\/2024\/10\/MB_Submark-Tradewinds.png\",\"contentUrl\":\"https:\/\/martabonanni.com\/es\/wp-content\/uploads\/sites\/3\/2024\/10\/MB_Submark-Tradewinds.png\",\"width\":3000,\"height\":3006,\"caption\":\"Marta Bonanni\"},\"image\":{\"@id\":\"https:\/\/martabonanni.com\/es\/#\/schema\/logo\/image\/\"},\"sameAs\":[\"https:\/\/www.instagram.com\/martabonanniinterprete\/\",\"https:\/\/www.linkedin.com\/in\/marta-bonanni-860442157\/\"]}]}<\/script>\n<!-- \/ Yoast SEO plugin. -->","yoast_head_json":{"title":"Interpretaci\u00f3n y traducci\u00f3n de Marketing y Negocios &#183; Marta Bonanni","description":"Descubre mi especializaci\u00f3n en marketing y negocios y lo que puedo hacer con la interpretaci\u00f3n y la traducci\u00f3n en este sector","robots":{"index":"index","follow":"follow","max-snippet":"max-snippet:-1","max-image-preview":"max-image-preview:large","max-video-preview":"max-video-preview:-1"},"canonical":"https:\/\/martabonanni.com\/es\/especializaciones\/marketing-y-negocios\/","og_locale":"es_ES","og_type":"article","og_title":"Interpretaci\u00f3n y traducci\u00f3n de Marketing y Negocios &#183; Marta Bonanni","og_description":"Descubre mi especializaci\u00f3n en marketing y negocios y lo que puedo hacer con la interpretaci\u00f3n y la traducci\u00f3n en este sector","og_url":"https:\/\/martabonanni.com\/es\/especializaciones\/marketing-y-negocios\/","og_site_name":"Marta Bonanni","article_modified_time":"2024-12-04T12:59:06+00:00","og_image":[{"width":3000,"height":4500,"url":"https:\/\/martabonanni.com\/es\/wp-content\/uploads\/sites\/3\/2024\/10\/interpretariato-eventi-marketing-commerciale.webp","type":"image\/webp"}],"twitter_card":"summary_large_image","twitter_misc":{"Tiempo de lectura":"2 minutos"},"schema":{"@context":"https:\/\/schema.org","@graph":[{"@type":"WebPage","@id":"https:\/\/martabonanni.com\/es\/especializaciones\/marketing-y-negocios\/","url":"https:\/\/martabonanni.com\/es\/especializaciones\/marketing-y-negocios\/","name":"Interpretaci\u00f3n y traducci\u00f3n de Marketing y Negocios &#183; Marta Bonanni","isPartOf":{"@id":"https:\/\/martabonanni.com\/es\/#website"},"primaryImageOfPage":{"@id":"https:\/\/martabonanni.com\/es\/especializaciones\/marketing-y-negocios\/#primaryimage"},"image":{"@id":"https:\/\/martabonanni.com\/es\/especializaciones\/marketing-y-negocios\/#primaryimage"},"thumbnailUrl":"https:\/\/martabonanni.com\/es\/wp-content\/uploads\/sites\/3\/2024\/10\/interpretariato-eventi-marketing-commerciale.webp","datePublished":"2024-09-26T10:32:31+00:00","dateModified":"2024-12-04T12:59:06+00:00","description":"Descubre mi especializaci\u00f3n en marketing y negocios y lo que puedo hacer con la interpretaci\u00f3n y la traducci\u00f3n en este sector","breadcrumb":{"@id":"https:\/\/martabonanni.com\/es\/especializaciones\/marketing-y-negocios\/#breadcrumb"},"inLanguage":"es","potentialAction":[{"@type":"ReadAction","target":["https:\/\/martabonanni.com\/es\/especializaciones\/marketing-y-negocios\/"]}]},{"@type":"ImageObject","inLanguage":"es","@id":"https:\/\/martabonanni.com\/es\/especializaciones\/marketing-y-negocios\/#primaryimage","url":"https:\/\/martabonanni.com\/es\/wp-content\/uploads\/sites\/3\/2024\/10\/interpretariato-eventi-marketing-commerciale.webp","contentUrl":"https:\/\/martabonanni.com\/es\/wp-content\/uploads\/sites\/3\/2024\/10\/interpretariato-eventi-marketing-commerciale.webp","width":3000,"height":4500},{"@type":"BreadcrumbList","@id":"https:\/\/martabonanni.com\/es\/especializaciones\/marketing-y-negocios\/#breadcrumb","itemListElement":[{"@type":"ListItem","position":1,"name":"Home","item":"https:\/\/martabonanni.com\/es\/"},{"@type":"ListItem","position":2,"name":"Especializaciones","item":"https:\/\/martabonanni.com\/es\/especializaciones\/"},{"@type":"ListItem","position":3,"name":"Marketing y Negocios"}]},{"@type":"WebSite","@id":"https:\/\/martabonanni.com\/es\/#website","url":"https:\/\/martabonanni.com\/es\/","name":"Marta Bonanni","description":"Int\u00e9rprete y traductora IT - EN - ES","publisher":{"@id":"https:\/\/martabonanni.com\/es\/#organization"},"alternateName":"Marta Bonanni","potentialAction":[{"@type":"SearchAction","target":{"@type":"EntryPoint","urlTemplate":"https:\/\/martabonanni.com\/es\/?s={search_term_string}"},"query-input":{"@type":"PropertyValueSpecification","valueRequired":true,"valueName":"search_term_string"}}],"inLanguage":"es"},{"@type":"Organization","@id":"https:\/\/martabonanni.com\/es\/#organization","name":"Marta Bonanni","alternateName":"Marta Bonanni","url":"https:\/\/martabonanni.com\/es\/","logo":{"@type":"ImageObject","inLanguage":"es","@id":"https:\/\/martabonanni.com\/es\/#\/schema\/logo\/image\/","url":"https:\/\/martabonanni.com\/es\/wp-content\/uploads\/sites\/3\/2024\/10\/MB_Submark-Tradewinds.png","contentUrl":"https:\/\/martabonanni.com\/es\/wp-content\/uploads\/sites\/3\/2024\/10\/MB_Submark-Tradewinds.png","width":3000,"height":3006,"caption":"Marta Bonanni"},"image":{"@id":"https:\/\/martabonanni.com\/es\/#\/schema\/logo\/image\/"},"sameAs":["https:\/\/www.instagram.com\/martabonanniinterprete\/","https:\/\/www.linkedin.com\/in\/marta-bonanni-860442157\/"]}]}},"_links":{"self":[{"href":"https:\/\/martabonanni.com\/es\/wp-json\/wp\/v2\/pages\/28","targetHints":{"allow":["GET"]}}],"collection":[{"href":"https:\/\/martabonanni.com\/es\/wp-json\/wp\/v2\/pages"}],"about":[{"href":"https:\/\/martabonanni.com\/es\/wp-json\/wp\/v2\/types\/page"}],"author":[{"embeddable":true,"href":"https:\/\/martabonanni.com\/es\/wp-json\/wp\/v2\/users\/2"}],"replies":[{"embeddable":true,"href":"https:\/\/martabonanni.com\/es\/wp-json\/wp\/v2\/comments?post=28"}],"version-history":[{"count":2,"href":"https:\/\/martabonanni.com\/es\/wp-json\/wp\/v2\/pages\/28\/revisions"}],"predecessor-version":[{"id":133,"href":"https:\/\/martabonanni.com\/es\/wp-json\/wp\/v2\/pages\/28\/revisions\/133"}],"up":[{"embeddable":true,"href":"https:\/\/martabonanni.com\/es\/wp-json\/wp\/v2\/pages\/24"}],"wp:featuredmedia":[{"embeddable":true,"href":"https:\/\/martabonanni.com\/es\/wp-json\/wp\/v2\/media\/98"}],"wp:attachment":[{"href":"https:\/\/martabonanni.com\/es\/wp-json\/wp\/v2\/media?parent=28"}],"curies":[{"name":"wp","href":"https:\/\/api.w.org\/{rel}","templated":true}]}}