{"id":30,"date":"2024-09-26T12:32:51","date_gmt":"2024-09-26T10:32:51","guid":{"rendered":"https:\/\/martabonanni.com\/es\/?page_id=30"},"modified":"2024-12-04T13:56:53","modified_gmt":"2024-12-04T12:56:53","slug":"cosmetica","status":"publish","type":"page","link":"https:\/\/martabonanni.com\/es\/especializaciones\/cosmetica\/","title":{"rendered":"Cosm\u00e9tica"},"content":{"rendered":"","protected":false},"excerpt":{"rendered":"","protected":false},"author":2,"featured_media":94,"parent":24,"menu_order":0,"comment_status":"closed","ping_status":"closed","template":"","meta":{"footnotes":""},"class_list":["post-30","page","type-page","status-publish","has-post-thumbnail","hentry"],"yoast_head":"<!-- This site is optimized with the Yoast SEO plugin v24.0 - https:\/\/yoast.com\/wordpress\/plugins\/seo\/ -->\n<title>Interpretaci\u00f3n y la traducci\u00f3n de Cosm\u00e9tica &#183; Marta Bonanni<\/title>\n<meta name=\"description\" content=\"Descubre mi especializaci\u00f3n en cosm\u00e9tica y lo que puedo hacer en este \u00e1mbito con la interpretaci\u00f3n y la traducci\u00f3n\" \/>\n<meta name=\"robots\" content=\"index, follow, max-snippet:-1, max-image-preview:large, max-video-preview:-1\" \/>\n<link rel=\"canonical\" href=\"https:\/\/martabonanni.com\/es\/especializaciones\/cosmetica\/\" \/>\n<meta property=\"og:locale\" content=\"es_ES\" \/>\n<meta property=\"og:type\" content=\"article\" \/>\n<meta property=\"og:title\" content=\"Interpretaci\u00f3n y la traducci\u00f3n de Cosm\u00e9tica &#183; Marta Bonanni\" \/>\n<meta property=\"og:description\" content=\"Descubre mi especializaci\u00f3n en cosm\u00e9tica y lo que puedo hacer en este \u00e1mbito con la interpretaci\u00f3n y la traducci\u00f3n\" \/>\n<meta property=\"og:url\" content=\"https:\/\/martabonanni.com\/es\/especializaciones\/cosmetica\/\" \/>\n<meta property=\"og:site_name\" content=\"Marta Bonanni\" \/>\n<meta property=\"article:modified_time\" content=\"2024-12-04T12:56:53+00:00\" \/>\n<meta property=\"og:image\" content=\"https:\/\/martabonanni.com\/es\/wp-content\/uploads\/sites\/3\/2024\/10\/interpretariato-settore-hair-beauty.webp\" \/>\n\t<meta property=\"og:image:width\" content=\"3000\" \/>\n\t<meta property=\"og:image:height\" content=\"2000\" \/>\n\t<meta property=\"og:image:type\" content=\"image\/webp\" \/>\n<meta name=\"twitter:card\" content=\"summary_large_image\" \/>\n<meta name=\"twitter:label1\" content=\"Tiempo de lectura\" \/>\n\t<meta name=\"twitter:data1\" content=\"3 minutos\" \/>\n<script type=\"application\/ld+json\" class=\"yoast-schema-graph\">{\"@context\":\"https:\/\/schema.org\",\"@graph\":[{\"@type\":\"WebPage\",\"@id\":\"https:\/\/martabonanni.com\/es\/especializaciones\/cosmetica\/\",\"url\":\"https:\/\/martabonanni.com\/es\/especializaciones\/cosmetica\/\",\"name\":\"Interpretaci\u00f3n y la traducci\u00f3n de Cosm\u00e9tica &#183; Marta Bonanni\",\"isPartOf\":{\"@id\":\"https:\/\/martabonanni.com\/es\/#website\"},\"primaryImageOfPage\":{\"@id\":\"https:\/\/martabonanni.com\/es\/especializaciones\/cosmetica\/#primaryimage\"},\"image\":{\"@id\":\"https:\/\/martabonanni.com\/es\/especializaciones\/cosmetica\/#primaryimage\"},\"thumbnailUrl\":\"https:\/\/martabonanni.com\/es\/wp-content\/uploads\/sites\/3\/2024\/10\/interpretariato-settore-hair-beauty.webp\",\"datePublished\":\"2024-09-26T10:32:51+00:00\",\"dateModified\":\"2024-12-04T12:56:53+00:00\",\"description\":\"Descubre mi especializaci\u00f3n en cosm\u00e9tica y lo que puedo hacer en este \u00e1mbito con la interpretaci\u00f3n y la traducci\u00f3n\",\"breadcrumb\":{\"@id\":\"https:\/\/martabonanni.com\/es\/especializaciones\/cosmetica\/#breadcrumb\"},\"inLanguage\":\"es\",\"potentialAction\":[{\"@type\":\"ReadAction\",\"target\":[\"https:\/\/martabonanni.com\/es\/especializaciones\/cosmetica\/\"]}]},{\"@type\":\"ImageObject\",\"inLanguage\":\"es\",\"@id\":\"https:\/\/martabonanni.com\/es\/especializaciones\/cosmetica\/#primaryimage\",\"url\":\"https:\/\/martabonanni.com\/es\/wp-content\/uploads\/sites\/3\/2024\/10\/interpretariato-settore-hair-beauty.webp\",\"contentUrl\":\"https:\/\/martabonanni.com\/es\/wp-content\/uploads\/sites\/3\/2024\/10\/interpretariato-settore-hair-beauty.webp\",\"width\":3000,\"height\":2000},{\"@type\":\"BreadcrumbList\",\"@id\":\"https:\/\/martabonanni.com\/es\/especializaciones\/cosmetica\/#breadcrumb\",\"itemListElement\":[{\"@type\":\"ListItem\",\"position\":1,\"name\":\"Home\",\"item\":\"https:\/\/martabonanni.com\/es\/\"},{\"@type\":\"ListItem\",\"position\":2,\"name\":\"Especializaciones\",\"item\":\"https:\/\/martabonanni.com\/es\/especializaciones\/\"},{\"@type\":\"ListItem\",\"position\":3,\"name\":\"Cosm\u00e9tica\"}]},{\"@type\":\"WebSite\",\"@id\":\"https:\/\/martabonanni.com\/es\/#website\",\"url\":\"https:\/\/martabonanni.com\/es\/\",\"name\":\"Marta Bonanni\",\"description\":\"Int\u00e9rprete y traductora IT - EN - ES\",\"publisher\":{\"@id\":\"https:\/\/martabonanni.com\/es\/#organization\"},\"alternateName\":\"Marta Bonanni\",\"potentialAction\":[{\"@type\":\"SearchAction\",\"target\":{\"@type\":\"EntryPoint\",\"urlTemplate\":\"https:\/\/martabonanni.com\/es\/?s={search_term_string}\"},\"query-input\":{\"@type\":\"PropertyValueSpecification\",\"valueRequired\":true,\"valueName\":\"search_term_string\"}}],\"inLanguage\":\"es\"},{\"@type\":\"Organization\",\"@id\":\"https:\/\/martabonanni.com\/es\/#organization\",\"name\":\"Marta Bonanni\",\"alternateName\":\"Marta Bonanni\",\"url\":\"https:\/\/martabonanni.com\/es\/\",\"logo\":{\"@type\":\"ImageObject\",\"inLanguage\":\"es\",\"@id\":\"https:\/\/martabonanni.com\/es\/#\/schema\/logo\/image\/\",\"url\":\"https:\/\/martabonanni.com\/es\/wp-content\/uploads\/sites\/3\/2024\/10\/MB_Submark-Tradewinds.png\",\"contentUrl\":\"https:\/\/martabonanni.com\/es\/wp-content\/uploads\/sites\/3\/2024\/10\/MB_Submark-Tradewinds.png\",\"width\":3000,\"height\":3006,\"caption\":\"Marta Bonanni\"},\"image\":{\"@id\":\"https:\/\/martabonanni.com\/es\/#\/schema\/logo\/image\/\"},\"sameAs\":[\"https:\/\/www.instagram.com\/martabonanniinterprete\/\",\"https:\/\/www.linkedin.com\/in\/marta-bonanni-860442157\/\"]}]}<\/script>\n<!-- \/ Yoast SEO plugin. -->","yoast_head_json":{"title":"Interpretaci\u00f3n y la traducci\u00f3n de Cosm\u00e9tica &#183; Marta Bonanni","description":"Descubre mi especializaci\u00f3n en cosm\u00e9tica y lo que puedo hacer en este \u00e1mbito con la interpretaci\u00f3n y la traducci\u00f3n","robots":{"index":"index","follow":"follow","max-snippet":"max-snippet:-1","max-image-preview":"max-image-preview:large","max-video-preview":"max-video-preview:-1"},"canonical":"https:\/\/martabonanni.com\/es\/especializaciones\/cosmetica\/","og_locale":"es_ES","og_type":"article","og_title":"Interpretaci\u00f3n y la traducci\u00f3n de Cosm\u00e9tica &#183; Marta Bonanni","og_description":"Descubre mi especializaci\u00f3n en cosm\u00e9tica y lo que puedo hacer en este \u00e1mbito con la interpretaci\u00f3n y la traducci\u00f3n","og_url":"https:\/\/martabonanni.com\/es\/especializaciones\/cosmetica\/","og_site_name":"Marta Bonanni","article_modified_time":"2024-12-04T12:56:53+00:00","og_image":[{"width":3000,"height":2000,"url":"https:\/\/martabonanni.com\/es\/wp-content\/uploads\/sites\/3\/2024\/10\/interpretariato-settore-hair-beauty.webp","type":"image\/webp"}],"twitter_card":"summary_large_image","twitter_misc":{"Tiempo de lectura":"3 minutos"},"schema":{"@context":"https:\/\/schema.org","@graph":[{"@type":"WebPage","@id":"https:\/\/martabonanni.com\/es\/especializaciones\/cosmetica\/","url":"https:\/\/martabonanni.com\/es\/especializaciones\/cosmetica\/","name":"Interpretaci\u00f3n y la traducci\u00f3n de Cosm\u00e9tica &#183; Marta Bonanni","isPartOf":{"@id":"https:\/\/martabonanni.com\/es\/#website"},"primaryImageOfPage":{"@id":"https:\/\/martabonanni.com\/es\/especializaciones\/cosmetica\/#primaryimage"},"image":{"@id":"https:\/\/martabonanni.com\/es\/especializaciones\/cosmetica\/#primaryimage"},"thumbnailUrl":"https:\/\/martabonanni.com\/es\/wp-content\/uploads\/sites\/3\/2024\/10\/interpretariato-settore-hair-beauty.webp","datePublished":"2024-09-26T10:32:51+00:00","dateModified":"2024-12-04T12:56:53+00:00","description":"Descubre mi especializaci\u00f3n en cosm\u00e9tica y lo que puedo hacer en este \u00e1mbito con la interpretaci\u00f3n y la traducci\u00f3n","breadcrumb":{"@id":"https:\/\/martabonanni.com\/es\/especializaciones\/cosmetica\/#breadcrumb"},"inLanguage":"es","potentialAction":[{"@type":"ReadAction","target":["https:\/\/martabonanni.com\/es\/especializaciones\/cosmetica\/"]}]},{"@type":"ImageObject","inLanguage":"es","@id":"https:\/\/martabonanni.com\/es\/especializaciones\/cosmetica\/#primaryimage","url":"https:\/\/martabonanni.com\/es\/wp-content\/uploads\/sites\/3\/2024\/10\/interpretariato-settore-hair-beauty.webp","contentUrl":"https:\/\/martabonanni.com\/es\/wp-content\/uploads\/sites\/3\/2024\/10\/interpretariato-settore-hair-beauty.webp","width":3000,"height":2000},{"@type":"BreadcrumbList","@id":"https:\/\/martabonanni.com\/es\/especializaciones\/cosmetica\/#breadcrumb","itemListElement":[{"@type":"ListItem","position":1,"name":"Home","item":"https:\/\/martabonanni.com\/es\/"},{"@type":"ListItem","position":2,"name":"Especializaciones","item":"https:\/\/martabonanni.com\/es\/especializaciones\/"},{"@type":"ListItem","position":3,"name":"Cosm\u00e9tica"}]},{"@type":"WebSite","@id":"https:\/\/martabonanni.com\/es\/#website","url":"https:\/\/martabonanni.com\/es\/","name":"Marta Bonanni","description":"Int\u00e9rprete y traductora IT - EN - ES","publisher":{"@id":"https:\/\/martabonanni.com\/es\/#organization"},"alternateName":"Marta Bonanni","potentialAction":[{"@type":"SearchAction","target":{"@type":"EntryPoint","urlTemplate":"https:\/\/martabonanni.com\/es\/?s={search_term_string}"},"query-input":{"@type":"PropertyValueSpecification","valueRequired":true,"valueName":"search_term_string"}}],"inLanguage":"es"},{"@type":"Organization","@id":"https:\/\/martabonanni.com\/es\/#organization","name":"Marta Bonanni","alternateName":"Marta Bonanni","url":"https:\/\/martabonanni.com\/es\/","logo":{"@type":"ImageObject","inLanguage":"es","@id":"https:\/\/martabonanni.com\/es\/#\/schema\/logo\/image\/","url":"https:\/\/martabonanni.com\/es\/wp-content\/uploads\/sites\/3\/2024\/10\/MB_Submark-Tradewinds.png","contentUrl":"https:\/\/martabonanni.com\/es\/wp-content\/uploads\/sites\/3\/2024\/10\/MB_Submark-Tradewinds.png","width":3000,"height":3006,"caption":"Marta Bonanni"},"image":{"@id":"https:\/\/martabonanni.com\/es\/#\/schema\/logo\/image\/"},"sameAs":["https:\/\/www.instagram.com\/martabonanniinterprete\/","https:\/\/www.linkedin.com\/in\/marta-bonanni-860442157\/"]}]}},"_links":{"self":[{"href":"https:\/\/martabonanni.com\/es\/wp-json\/wp\/v2\/pages\/30","targetHints":{"allow":["GET"]}}],"collection":[{"href":"https:\/\/martabonanni.com\/es\/wp-json\/wp\/v2\/pages"}],"about":[{"href":"https:\/\/martabonanni.com\/es\/wp-json\/wp\/v2\/types\/page"}],"author":[{"embeddable":true,"href":"https:\/\/martabonanni.com\/es\/wp-json\/wp\/v2\/users\/2"}],"replies":[{"embeddable":true,"href":"https:\/\/martabonanni.com\/es\/wp-json\/wp\/v2\/comments?post=30"}],"version-history":[{"count":4,"href":"https:\/\/martabonanni.com\/es\/wp-json\/wp\/v2\/pages\/30\/revisions"}],"predecessor-version":[{"id":140,"href":"https:\/\/martabonanni.com\/es\/wp-json\/wp\/v2\/pages\/30\/revisions\/140"}],"up":[{"embeddable":true,"href":"https:\/\/martabonanni.com\/es\/wp-json\/wp\/v2\/pages\/24"}],"wp:featuredmedia":[{"embeddable":true,"href":"https:\/\/martabonanni.com\/es\/wp-json\/wp\/v2\/media\/94"}],"wp:attachment":[{"href":"https:\/\/martabonanni.com\/es\/wp-json\/wp\/v2\/media?parent=30"}],"curies":[{"name":"wp","href":"https:\/\/api.w.org\/{rel}","templated":true}]}}